{"id":6961,"date":"2024-06-27T20:25:52","date_gmt":"2024-06-27T18:25:52","guid":{"rendered":"http:\/\/grundschule-muehldorf.de\/?page_id=6961"},"modified":"2026-02-05T07:03:12","modified_gmt":"2026-02-05T06:03:12","slug":"schuleinschreibung-2024-2025","status":"publish","type":"page","link":"https:\/\/grundschule-muehldorf.de\/?page_id=6961","title":{"rendered":"Schulanf\u00e4nger 2026\/2027"},"content":{"rendered":"\n<p>Liebe Eltern der diesj\u00e4hrigen Schulanf\u00e4nger,<\/p>\n<p>bald ist es so weit und Ihr Kind kommt in die Schule. Hier finden Sie alle wichtigen Informationen, Termine und Formulare f\u00fcr den Schulstart.<\/p>\n<p><em><strong>Elternabend f\u00fcr alle neuen Erstkl\u00e4ssler<\/strong><\/em><\/p>\n<p><strong>Mittwoch, 21. Januar 19:30 Uhr in der Aula (Konrad-Adenauer-Str. 9)&nbsp;<\/strong><\/p>\n<p>&nbsp;<\/p>\n<p>&nbsp;<\/p>\n<p>&nbsp;<\/p>\n\n\n\n<div data-wp-interactive=\"core\/file\" class=\"wp-block-file\"><object data-wp-bind--hidden=\"!state.hasPdfPreview\" hidden class=\"wp-block-file__embed\" data=\"https:\/\/grundschule-muehldorf.de\/wp-content\/uploads\/2026\/01\/Kopie-von-Herzlich-willkommen-komprimiert-compressed.pdf\" type=\"application\/pdf\" style=\"width:100%;height:600px\" aria-label=\"Einbettung von Kopie von Herzlich willkommen-komprimiert-compressed.\"><\/object><a id=\"wp-block-file--media-7dea39be-7d8b-43cb-add3-bc6ffbb7d5b9\" href=\"https:\/\/grundschule-muehldorf.de\/wp-content\/uploads\/2026\/01\/Kopie-von-Herzlich-willkommen-komprimiert-compressed.pdf\">Kopie von Herzlich willkommen-komprimiert-compressed<\/a><a href=\"https:\/\/grundschule-muehldorf.de\/wp-content\/uploads\/2026\/01\/Kopie-von-Herzlich-willkommen-komprimiert-compressed.pdf\" class=\"wp-block-file__button wp-element-button\" download aria-describedby=\"wp-block-file--media-7dea39be-7d8b-43cb-add3-bc6ffbb7d5b9\">Herunterladen<\/a><\/div>\n\n\n\n\n\n<p><em><strong>Schuleinschreibung<\/strong><\/em><\/p>\n<p>Die Schuleinschreibung findet in diesem Jahr an folgenden Tagen statt:<\/p>\n<p><strong>Mittwoch, 18. M\u00e4rz\u00a0<\/strong><\/p>\n<p><strong>Donnerstag 19. M\u00e4rz<\/strong><\/p>\n<p>Bitte beachten Sie, dass die Schuleinschreibung nur im Stadtschulhaus stattfindet. Sie erhalten hierf\u00fcr eine Einladung mit genauem Termin!<\/p>\n<p>\u00a0<\/p>\n<p><em><strong>Informationen f\u00fcr Korridorkinder und R\u00fcckstellungen<\/strong><\/em><\/p>\n<p><a href=\"http:\/\/grundschule-muehldorf.de\/wp-content\/uploads\/2026\/01\/image-2.png\"><img loading=\"lazy\" decoding=\"async\" class=\"alignnone size-full wp-image-8618\" src=\"http:\/\/grundschule-muehldorf.de\/wp-content\/uploads\/2026\/01\/image-2.png\" alt=\"\" width=\"1898\" height=\"1065\" srcset=\"https:\/\/grundschule-muehldorf.de\/wp-content\/uploads\/2026\/01\/image-2.png 1898w, https:\/\/grundschule-muehldorf.de\/wp-content\/uploads\/2026\/01\/image-2-300x168.png 300w, https:\/\/grundschule-muehldorf.de\/wp-content\/uploads\/2026\/01\/image-2-1024x575.png 1024w, https:\/\/grundschule-muehldorf.de\/wp-content\/uploads\/2026\/01\/image-2-768x431.png 768w, https:\/\/grundschule-muehldorf.de\/wp-content\/uploads\/2026\/01\/image-2-1536x862.png 1536w\" sizes=\"auto, (max-width: 1898px) 100vw, 1898px\" \/><\/a> <a href=\"http:\/\/grundschule-muehldorf.de\/wp-content\/uploads\/2026\/01\/image-1.png\"><img loading=\"lazy\" decoding=\"async\" class=\"alignnone size-full wp-image-8616\" src=\"http:\/\/grundschule-muehldorf.de\/wp-content\/uploads\/2026\/01\/image-1.png\" alt=\"\" width=\"1898\" height=\"1068\" srcset=\"https:\/\/grundschule-muehldorf.de\/wp-content\/uploads\/2026\/01\/image-1.png 1898w, https:\/\/grundschule-muehldorf.de\/wp-content\/uploads\/2026\/01\/image-1-300x169.png 300w, https:\/\/grundschule-muehldorf.de\/wp-content\/uploads\/2026\/01\/image-1-1024x576.png 1024w, https:\/\/grundschule-muehldorf.de\/wp-content\/uploads\/2026\/01\/image-1-768x432.png 768w, https:\/\/grundschule-muehldorf.de\/wp-content\/uploads\/2026\/01\/image-1-1536x864.png 1536w\" sizes=\"auto, (max-width: 1898px) 100vw, 1898px\" \/><\/a><\/p>\n<p><a href=\"http:\/\/grundschule-muehldorf.de\/wp-content\/uploads\/2026\/01\/image-3.png\"><img loading=\"lazy\" decoding=\"async\" class=\"alignnone size-full wp-image-8619\" src=\"http:\/\/grundschule-muehldorf.de\/wp-content\/uploads\/2026\/01\/image-3.png\" alt=\"\" width=\"1895\" height=\"1064\" srcset=\"https:\/\/grundschule-muehldorf.de\/wp-content\/uploads\/2026\/01\/image-3.png 1895w, https:\/\/grundschule-muehldorf.de\/wp-content\/uploads\/2026\/01\/image-3-300x168.png 300w, https:\/\/grundschule-muehldorf.de\/wp-content\/uploads\/2026\/01\/image-3-1024x575.png 1024w, https:\/\/grundschule-muehldorf.de\/wp-content\/uploads\/2026\/01\/image-3-768x431.png 768w, https:\/\/grundschule-muehldorf.de\/wp-content\/uploads\/2026\/01\/image-3-1536x862.png 1536w\" sizes=\"auto, (max-width: 1895px) 100vw, 1895px\" \/><\/a><\/p>\n<p><span style=\"color: #0000ff;\"><strong>SCHULMANAGER<\/strong><\/span><\/p>\n<p>Die Zugangsdaten zum Schulmanager erhalten sie Anfang August per Mail!\u00a0<\/p>\n<p>\u00a0<\/p>\n<p><span style=\"font-size: revert; color: initial;\">Hier finden Sie die Antr\u00e4ge f\u00fcr die Schuleinschreibung zum Download.<\/span><\/p>\n<ul>\n<li style=\"list-style-type: none;\">\n<ul>\n<li><a href=\"http:\/\/grundschule-muehldorf.de\/wp-content\/uploads\/2026\/01\/Antrag-auf-Aufnahme-in-die-Ganztagsklasse-26-27.pdf\">Antrag auf Aufnahme in die Ganztagesklasse\u00a0<\/a><\/li>\n<li><a href=\"http:\/\/grundschule-muehldorf.de\/wp-content\/uploads\/2026\/01\/Anmeldeformular-Kooperativer-Ganztag-2026-2027.pdf\">Anmeldeformular KoGa<\/a><\/li>\n<li><a href=\"http:\/\/grundschule-muehldorf.de\/wp-content\/uploads\/2026\/02\/Flyer-Kooperativer-Ganztag-01-2026.pdf\">Flyer KoGa<\/a><\/li>\n<\/ul>\n<\/li>\n<\/ul>\n\n\n\n<p>Hier finden Sie wichtige Informationen zum Religionsunterricht.<\/p>\n<ul>\n<li>Brief Erstklasseltern &#8211; Religion &#8211; M\u00fchldorf<\/li>\n<li>Anschreiben Schulen<\/li>\n<li>Flyer Religionsunterricht<\/li>\n<\/ul>\n\n\n","protected":false},"excerpt":{"rendered":"<p>Liebe Eltern der diesj\u00e4hrigen Schulanf\u00e4nger, bald ist es so weit und Ihr Kind kommt in die Schule. Hier finden Sie alle wichtigen Informationen, Termine und Formulare f\u00fcr den Schulstart. Elternabend f\u00fcr alle neuen Erstkl\u00e4ssler&#46;&#46;&#46;<\/p>\n","protected":false},"author":1,"featured_media":0,"parent":0,"menu_order":0,"comment_status":"closed","ping_status":"closed","template":"","meta":{"footnotes":""},"class_list":["post-6961","page","type-page","status-publish","hentry"],"publishpress_future_action":{"enabled":false,"date":"2026-04-22 09:15:14","action":"change-status","newStatus":"draft","terms":[],"taxonomy":"","extraData":[]},"publishpress_future_workflow_manual_trigger":{"enabledWorkflows":[]},"_links":{"self":[{"href":"https:\/\/grundschule-muehldorf.de\/index.php?rest_route=\/wp\/v2\/pages\/6961","targetHints":{"allow":["GET"]}}],"collection":[{"href":"https:\/\/grundschule-muehldorf.de\/index.php?rest_route=\/wp\/v2\/pages"}],"about":[{"href":"https:\/\/grundschule-muehldorf.de\/index.php?rest_route=\/wp\/v2\/types\/page"}],"author":[{"embeddable":true,"href":"https:\/\/grundschule-muehldorf.de\/index.php?rest_route=\/wp\/v2\/users\/1"}],"replies":[{"embeddable":true,"href":"https:\/\/grundschule-muehldorf.de\/index.php?rest_route=%2Fwp%2Fv2%2Fcomments&post=6961"}],"version-history":[{"count":41,"href":"https:\/\/grundschule-muehldorf.de\/index.php?rest_route=\/wp\/v2\/pages\/6961\/revisions"}],"predecessor-version":[{"id":8671,"href":"https:\/\/grundschule-muehldorf.de\/index.php?rest_route=\/wp\/v2\/pages\/6961\/revisions\/8671"}],"wp:attachment":[{"href":"https:\/\/grundschule-muehldorf.de\/index.php?rest_route=%2Fwp%2Fv2%2Fmedia&parent=6961"}],"curies":[{"name":"wp","href":"https:\/\/api.w.org\/{rel}","templated":true}]}}