{"id":192,"date":"2016-05-04T07:11:29","date_gmt":"2016-05-04T07:11:29","guid":{"rendered":"http:\/\/grundschule-muehldorf.de\/?page_id=192"},"modified":"2024-10-09T16:01:03","modified_gmt":"2024-10-09T14:01:03","slug":"jugendsozialarbeit","status":"publish","type":"page","link":"https:\/\/grundschule-muehldorf.de\/?page_id=192","title":{"rendered":"Jugendsozialarbeit"},"content":{"rendered":"<p><img loading=\"lazy\" decoding=\"async\" class=\"alignnone size-medium wp-image-1459\" src=\"http:\/\/grundschule-muehldorf.de\/wp-content\/uploads\/2016\/05\/jas-300x150.jpg\" alt=\"\" width=\"300\" height=\"150\" \/><\/p>\n<p><span style=\"text-decoration: underline;\"><strong>Jugendsozialarbeit (JaS) an der Grundschule M\u00fchldorf a.Inn-Altm\u00fchldorf<\/strong><\/span><\/p>\n<p><strong>Ildiko auf der Stra\u00dfe<\/strong><br \/><br \/><strong>Sarah Hanisch<\/strong><br \/><br \/><strong>Dominik Gerhardinger<\/strong><br \/><br \/><\/p>\n\n\n<div data-wp-interactive=\"core\/file\" class=\"wp-block-file\"><object data-wp-bind--hidden=\"!state.hasPdfPreview\" hidden class=\"wp-block-file__embed\" data=\"http:\/\/grundschule-muehldorf.de\/wp-content\/uploads\/2024\/10\/JaS-Aushang-Eltern-und-Homepage.pdf\" type=\"application\/pdf\" style=\"width:100%;height:600px\" aria-label=\"Einbettung von JaS-Aushang Eltern und Homepage.\"><\/object><a id=\"wp-block-file--media-5ce71005-0f3c-4bf5-beaa-95114208d26f\" href=\"http:\/\/grundschule-muehldorf.de\/wp-content\/uploads\/2024\/10\/JaS-Aushang-Eltern-und-Homepage.pdf\">JaS-Aushang Eltern und Homepage<\/a><a href=\"http:\/\/grundschule-muehldorf.de\/wp-content\/uploads\/2024\/10\/JaS-Aushang-Eltern-und-Homepage.pdf\" class=\"wp-block-file__button wp-element-button\" download aria-describedby=\"wp-block-file--media-5ce71005-0f3c-4bf5-beaa-95114208d26f\">Herunterladen<\/a><\/div>\n","protected":false},"excerpt":{"rendered":"<p>Jugendsozialarbeit (JaS) an der Grundschule M\u00fchldorf a.Inn-Altm\u00fchldorf Ildiko auf der Stra\u00dfe Sarah Hanisch Dominik Gerhardinger<\/p>\n","protected":false},"author":1,"featured_media":0,"parent":0,"menu_order":0,"comment_status":"closed","ping_status":"closed","template":"","meta":{"footnotes":""},"class_list":["post-192","page","type-page","status-publish","hentry"],"publishpress_future_action":{"enabled":false,"date":"2026-05-01 02:11:44","action":"change-status","newStatus":"draft","terms":[],"taxonomy":"","extraData":[]},"publishpress_future_workflow_manual_trigger":{"enabledWorkflows":[]},"_links":{"self":[{"href":"https:\/\/grundschule-muehldorf.de\/index.php?rest_route=\/wp\/v2\/pages\/192","targetHints":{"allow":["GET"]}}],"collection":[{"href":"https:\/\/grundschule-muehldorf.de\/index.php?rest_route=\/wp\/v2\/pages"}],"about":[{"href":"https:\/\/grundschule-muehldorf.de\/index.php?rest_route=\/wp\/v2\/types\/page"}],"author":[{"embeddable":true,"href":"https:\/\/grundschule-muehldorf.de\/index.php?rest_route=\/wp\/v2\/users\/1"}],"replies":[{"embeddable":true,"href":"https:\/\/grundschule-muehldorf.de\/index.php?rest_route=%2Fwp%2Fv2%2Fcomments&post=192"}],"version-history":[{"count":11,"href":"https:\/\/grundschule-muehldorf.de\/index.php?rest_route=\/wp\/v2\/pages\/192\/revisions"}],"predecessor-version":[{"id":7679,"href":"https:\/\/grundschule-muehldorf.de\/index.php?rest_route=\/wp\/v2\/pages\/192\/revisions\/7679"}],"wp:attachment":[{"href":"https:\/\/grundschule-muehldorf.de\/index.php?rest_route=%2Fwp%2Fv2%2Fmedia&parent=192"}],"curies":[{"name":"wp","href":"https:\/\/api.w.org\/{rel}","templated":true}]}}