{"id":139,"date":"2016-04-26T15:56:37","date_gmt":"2016-04-26T15:56:37","guid":{"rendered":"http:\/\/grundschule-muehldorf.de\/?page_id=139"},"modified":"2023-10-01T17:07:47","modified_gmt":"2023-10-01T15:07:47","slug":"erzieherin","status":"publish","type":"page","link":"https:\/\/grundschule-muehldorf.de\/?page_id=139","title":{"rendered":"P\u00e4dagogische Fachkraft"},"content":{"rendered":"\n<p>\u00a0<\/p>\n<table style=\"width: 100%; border-collapse: collapse;\">\n<tbody>\n<tr>\n<td style=\"width: 33.33%; text-align: left;\"><strong>P\u00e4dagogische Fachkraft<\/strong><br \/>Anja Gruber<\/td>\n<td style=\"width: 33.33%;\"><img loading=\"lazy\" decoding=\"async\" class=\"alignnone size-medium wp-image-4495\" src=\"http:\/\/grundschule-muehldorf.de\/wp-content\/uploads\/2021\/02\/Gruber-Anja_2-222x300.jpg\" alt=\"\" width=\"222\" height=\"300\" srcset=\"https:\/\/grundschule-muehldorf.de\/wp-content\/uploads\/2021\/02\/Gruber-Anja_2-222x300.jpg 222w, https:\/\/grundschule-muehldorf.de\/wp-content\/uploads\/2021\/02\/Gruber-Anja_2-200x270.jpg 200w, https:\/\/grundschule-muehldorf.de\/wp-content\/uploads\/2021\/02\/Gruber-Anja_2.jpg 740w\" sizes=\"auto, (max-width: 222px) 100vw, 222px\" \/><\/td>\n<td style=\"width: 33.33%; text-align: center;\">\u00a0<\/td>\n<\/tr>\n<\/tbody>\n<\/table>\n<p>\u00a0<\/p>\n\n\n<p>Mein Name ist Anja Gruber und ich bin seit September 2012 an der Grundschule M\u00fchldorf a. Inn-Altm\u00fchldorf als Erzieherin und Entspannungsp\u00e4dagogin t\u00e4tig.<\/p>\n<p><u>Hier f\u00fcr Sie ein kurzer Einblick in meine T\u00e4tigkeitsbereiche:<\/u><\/p>\n<p><strong>Differenzierung und Soziale Arbeit im Ganztagesbereich<\/strong><\/p>\n<p><img loading=\"lazy\" decoding=\"async\" class=\"alignleft wp-image-1175 size-medium\" src=\"http:\/\/grundschule-muehldorf.de\/wp-content\/uploads\/2016\/04\/Ganztagesklassen-300x200.jpg\" alt=\"\" width=\"300\" height=\"200\" srcset=\"https:\/\/grundschule-muehldorf.de\/wp-content\/uploads\/2016\/04\/Ganztagesklassen-300x200.jpg 300w, https:\/\/grundschule-muehldorf.de\/wp-content\/uploads\/2016\/04\/Ganztagesklassen-768x512.jpg 768w, https:\/\/grundschule-muehldorf.de\/wp-content\/uploads\/2016\/04\/Ganztagesklassen-360x240.jpg 360w, https:\/\/grundschule-muehldorf.de\/wp-content\/uploads\/2016\/04\/Ganztagesklassen.jpg 1000w\" sizes=\"auto, (max-width: 300px) 100vw, 300px\" \/>In den Ganztagesklassen 1g bis 4g bin ich in begleitender Funktion f\u00fcr die Sch\u00fcler w\u00e4hrend des Unterrichtes und auch f\u00fcr die jeweilige Lehrkraft in unterst\u00fctzender Hinsicht besch\u00e4ftigt. Ausf\u00fchrlich Zeit nehme ich mir f\u00fcr einzelne Kinder, die Unterst\u00fctzung ben\u00f6tigen.<br \/>Wenn es sich anbietet, ein gewisses Unterrichtsthema in der Kleingruppe zu erarbeiten, besteht die M\u00f6glichkeit, die Klasse zu teilen. Einen Teil der Klasse \u00fcbernehme ich dann im Gruppenraum oder in unserem Lesezimmer.<\/p>\n<p><strong>Deutsch-F\u00f6rderung f\u00fcr Kinder mit Migrationshintergrund<br \/><\/strong><\/p>\n<p><img loading=\"lazy\" decoding=\"async\" class=\"size-medium wp-image-1900 alignleft\" src=\"http:\/\/grundschule-muehldorf.de\/wp-content\/uploads\/2018\/06\/Drittkraft-300x200.jpg\" alt=\"\" width=\"300\" height=\"200\" srcset=\"https:\/\/grundschule-muehldorf.de\/wp-content\/uploads\/2018\/06\/Drittkraft-300x200.jpg 300w, https:\/\/grundschule-muehldorf.de\/wp-content\/uploads\/2018\/06\/Drittkraft-768x512.jpg 768w, https:\/\/grundschule-muehldorf.de\/wp-content\/uploads\/2018\/06\/Drittkraft-360x240.jpg 360w, https:\/\/grundschule-muehldorf.de\/wp-content\/uploads\/2018\/06\/Drittkraft.jpg 1000w\" sizes=\"auto, (max-width: 300px) 100vw, 300px\" \/>W\u00f6chentlich kommen insgesamt 52 Kinder von der 1. bis zur 4. Klasse zu mir in die Deutschf\u00f6rderung. Insbesondere werden die Grundlagen der deutschen Sprache und der deutschen Schrift den Kindern n\u00e4her gebracht und diese intensiviert. Ob mit dem Artikel-W\u00fcrfel oder dem Lesen des \u201eR\u00e4uber Hotzenplotz\u201c, das Benennen und Erkennen von Nomen, Verben und Adjektiven oder die gemeinsamen Sicherung des aktuellen Unterrichtsstoffes. Hier findet sich gen\u00fcgend Zeit, um mit den Kindern intensiv Deutsch zu lernen.<\/p>\n<p><strong>Lesezimmer &#8211; F\u00f6rderung der Lesekompetenz mit Spa\u00df am Lesen<br \/><\/strong><\/p>\n<p><img loading=\"lazy\" decoding=\"async\" class=\"size-medium wp-image-1899 alignleft\" src=\"http:\/\/grundschule-muehldorf.de\/wp-content\/uploads\/2018\/06\/Lesezimmer-300x200.jpg\" alt=\"\" width=\"300\" height=\"200\" srcset=\"https:\/\/grundschule-muehldorf.de\/wp-content\/uploads\/2018\/06\/Lesezimmer-300x200.jpg 300w, https:\/\/grundschule-muehldorf.de\/wp-content\/uploads\/2018\/06\/Lesezimmer-768x511.jpg 768w, https:\/\/grundschule-muehldorf.de\/wp-content\/uploads\/2018\/06\/Lesezimmer-360x240.jpg 360w, https:\/\/grundschule-muehldorf.de\/wp-content\/uploads\/2018\/06\/Lesezimmer.jpg 1000w\" sizes=\"auto, (max-width: 300px) 100vw, 300px\" \/>Unser Lesezimmer hat sich mittlerweile sehr bei den Kindern bew\u00e4hrt und wird mit gro\u00dfer Freude und Neugierde besucht.<br \/>Hier k\u00f6nnen die Kinder in verschiedene Welten abtauchen, sich mit den \u201eF\u00fcnf Freunden\u201c auf Abenteuerreise begeben, mit \u201eBibi Blocksberg\u201c erste Zauberspr\u00fcche lesen oder mit unseren zahlreichen Fach- und Sachb\u00fcchern \u00fcber tolle Themen wie Haie, Piraten, Pferde uvm. ihr Wissen erweitern.<br \/>Eine kleine Beschreibung des Lesezimmers:<br \/>Das Lesezimmer verf\u00fcgt \u00fcber verschiedenste Arten von B\u00fcchern, welche in insgesamt sechs Kategorien eingeteilt sind:<br \/>Ber\u00fchmte Autoren, Sachb\u00fccher, Leseb\u00fccher 1. und 2. Klasse, Leseb\u00fccher 3. Klasse, Leseb\u00fccher 4. Klasse und Bilderb\u00fccher.<br \/>Durch unterschiedliche Farben wird die Zuordnung f\u00fcr die Kinder leicht gemacht. Au\u00dferdem haben die Kinder die M\u00f6glichkeit, zwischen Kuschelcouch, Sitzs\u00e4cken oder Lesecouch zu w\u00e4hlen. Zus\u00e4tzlich befinden sich zwei Computer mit Antolin- Zugang im Lesezimmer sowie drei CD-Player mit zahlreichen H\u00f6rspielen.<\/p>\n<p><strong>Spielzimmer \u2013 F\u00f6rderung der Sozialkompetenz &#8211; gemeinsames Spiel<\/strong><\/p>\n<p><img loading=\"lazy\" decoding=\"async\" class=\"size-medium wp-image-1901 alignleft\" src=\"http:\/\/grundschule-muehldorf.de\/wp-content\/uploads\/2018\/06\/Spielzimmer-300x200.jpg\" alt=\"\" width=\"300\" height=\"200\" srcset=\"https:\/\/grundschule-muehldorf.de\/wp-content\/uploads\/2018\/06\/Spielzimmer-300x200.jpg 300w, https:\/\/grundschule-muehldorf.de\/wp-content\/uploads\/2018\/06\/Spielzimmer-768x512.jpg 768w, https:\/\/grundschule-muehldorf.de\/wp-content\/uploads\/2018\/06\/Spielzimmer-360x240.jpg 360w, https:\/\/grundschule-muehldorf.de\/wp-content\/uploads\/2018\/06\/Spielzimmer.jpg 1000w\" sizes=\"auto, (max-width: 300px) 100vw, 300px\" \/>Mit zahlreichen Spielen k\u00f6nnen sich die Kinder nach ihren W\u00fcnschen ausleben. Das Miteinander wird gef\u00f6rdert \u2013 ob beim gemeinsamen Kochen in der K\u00fcchenecke, beim Verkleiden mit der Verkleidungskiste, beim kreativen Bauen in der gro\u00dfen Bauecke oder bei unseren zahlreichen Tischspielen. Auch zwei Kicker-Tische, eine gro\u00dfe Magnettafel mit vielen Magneten und eine Kreide-Tafel stehen den Kindern zur Verf\u00fcgung.<\/p>\n\n\n<div class=\"wp-block-columns is-layout-flex wp-container-core-columns-is-layout-9d6595d7 wp-block-columns-is-layout-flex\">\n<div class=\"wp-block-column is-layout-flow wp-block-column-is-layout-flow\"><\/div>\n\n\n\n<div class=\"wp-block-column is-layout-flow wp-block-column-is-layout-flow\"><\/div>\n<\/div>\n","protected":false},"excerpt":{"rendered":"<p>\u00a0 P\u00e4dagogische FachkraftAnja Gruber \u00a0 \u00a0 Mein Name ist Anja Gruber und ich bin seit September 2012 an der Grundschule M\u00fchldorf a. Inn-Altm\u00fchldorf als Erzieherin und Entspannungsp\u00e4dagogin t\u00e4tig. Hier f\u00fcr Sie ein kurzer Einblick&#46;&#46;&#46;<\/p>\n","protected":false},"author":1,"featured_media":0,"parent":0,"menu_order":0,"comment_status":"closed","ping_status":"closed","template":"","meta":{"footnotes":""},"class_list":["post-139","page","type-page","status-publish","hentry"],"publishpress_future_action":{"enabled":false,"date":"2026-05-09 17:59:22","action":"change-status","newStatus":"draft","terms":[],"taxonomy":"","extraData":[]},"publishpress_future_workflow_manual_trigger":{"enabledWorkflows":[]},"_links":{"self":[{"href":"https:\/\/grundschule-muehldorf.de\/index.php?rest_route=\/wp\/v2\/pages\/139","targetHints":{"allow":["GET"]}}],"collection":[{"href":"https:\/\/grundschule-muehldorf.de\/index.php?rest_route=\/wp\/v2\/pages"}],"about":[{"href":"https:\/\/grundschule-muehldorf.de\/index.php?rest_route=\/wp\/v2\/types\/page"}],"author":[{"embeddable":true,"href":"https:\/\/grundschule-muehldorf.de\/index.php?rest_route=\/wp\/v2\/users\/1"}],"replies":[{"embeddable":true,"href":"https:\/\/grundschule-muehldorf.de\/index.php?rest_route=%2Fwp%2Fv2%2Fcomments&post=139"}],"version-history":[{"count":27,"href":"https:\/\/grundschule-muehldorf.de\/index.php?rest_route=\/wp\/v2\/pages\/139\/revisions"}],"predecessor-version":[{"id":6824,"href":"https:\/\/grundschule-muehldorf.de\/index.php?rest_route=\/wp\/v2\/pages\/139\/revisions\/6824"}],"wp:attachment":[{"href":"https:\/\/grundschule-muehldorf.de\/index.php?rest_route=%2Fwp%2Fv2%2Fmedia&parent=139"}],"curies":[{"name":"wp","href":"https:\/\/api.w.org\/{rel}","templated":true}]}}