{"id":130,"date":"2016-04-26T05:14:37","date_gmt":"2016-04-26T05:14:37","guid":{"rendered":"http:\/\/grundschule-muehldorf.de\/?page_id=130"},"modified":"2021-04-23T08:38:36","modified_gmt":"2021-04-23T06:38:36","slug":"kontakt","status":"publish","type":"page","link":"https:\/\/grundschule-muehldorf.de\/?page_id=130","title":{"rendered":"Kontakt"},"content":{"rendered":"<p>Bitte melden Sie die Erkrankung Ihres Kindes am ersten Tag telefonisch der Schule \u00fcber folgende Telefonnummern:<\/p>\n<p><strong>Schulhaus Stadt <\/strong><em>Konrad-Adenauer-Stra\u00dfe 9<\/em><br \/>\n<strong>(0 86 31) 36 37-30<\/strong><\/p>\n<p><strong>Schulhaus Altm\u00fchldorf<\/strong> <em>Wirtsgasse 10<\/em><br \/>\n<strong>(0 86 31) 83 47<\/strong><\/p>\n<p>Wir bitten um Meldung der Erkrankung bis sp\u00e4testens 7.50 Uhr.<br \/>\nBitte haben Sie Verst\u00e4ndnis, dass wir m\u00fcndliche Entschuldigungen \u00fcber Klassenkameraden oder Geschwisterkinder nicht akzeptieren k\u00f6nnen. Die Schule ist verpflichtet, bei unentschuldigtem Fehlen von Kindern nachzuforschen.<\/p>\n<p>Sie erreichen die Schule auch \u00fcber die <strong>Faxnummer (0 86 31) 36 37-99<\/strong>.<\/p>\n<p>Hier k\u00f6nnen Sie uns eine E-Mail schicken:<\/p>\n\n<div class=\"wpcf7 no-js\" id=\"wpcf7-f129-o1\" lang=\"de-DE\" dir=\"ltr\" data-wpcf7-id=\"129\">\n<div class=\"screen-reader-response\"><p role=\"status\" aria-live=\"polite\" aria-atomic=\"true\"><\/p> <ul><\/ul><\/div>\n<form action=\"\/index.php?rest_route=%2Fwp%2Fv2%2Fpages%2F130#wpcf7-f129-o1\" method=\"post\" class=\"wpcf7-form init\" aria-label=\"Kontaktformular\" novalidate=\"novalidate\" data-status=\"init\">\n<fieldset class=\"hidden-fields-container\"><input type=\"hidden\" name=\"_wpcf7\" value=\"129\" \/><input type=\"hidden\" name=\"_wpcf7_version\" value=\"6.1.5\" \/><input type=\"hidden\" name=\"_wpcf7_locale\" value=\"de_DE\" \/><input type=\"hidden\" name=\"_wpcf7_unit_tag\" value=\"wpcf7-f129-o1\" \/><input type=\"hidden\" name=\"_wpcf7_container_post\" value=\"0\" \/><input type=\"hidden\" name=\"_wpcf7_posted_data_hash\" value=\"\" \/>\n<\/fieldset>\n<p>Ihr Name (Pflichtfeld)\n<\/p>\n<p><span class=\"wpcf7-form-control-wrap\" data-name=\"your-name\"><input size=\"40\" maxlength=\"400\" class=\"wpcf7-form-control wpcf7-text wpcf7-validates-as-required\" aria-required=\"true\" aria-invalid=\"false\" value=\"\" type=\"text\" name=\"your-name\" \/><\/span>\n<\/p>\n<p>Ihre E-Mail-Adresse (Pflichtfeld)\n<\/p>\n<p><span class=\"wpcf7-form-control-wrap\" data-name=\"your-email\"><input size=\"40\" maxlength=\"400\" class=\"wpcf7-form-control wpcf7-email wpcf7-validates-as-required wpcf7-text wpcf7-validates-as-email\" aria-required=\"true\" aria-invalid=\"false\" value=\"\" type=\"email\" name=\"your-email\" \/><\/span>\n<\/p>\n<p>Betreff\n<\/p>\n<p><span class=\"wpcf7-form-control-wrap\" data-name=\"your-subject\"><input size=\"40\" maxlength=\"400\" class=\"wpcf7-form-control wpcf7-text\" aria-invalid=\"false\" value=\"\" type=\"text\" name=\"your-subject\" \/><\/span>\n<\/p>\n<p>Ihre Nachricht\n<\/p>\n<p><span class=\"wpcf7-form-control-wrap\" data-name=\"your-message\"><textarea cols=\"40\" rows=\"10\" maxlength=\"2000\" class=\"wpcf7-form-control wpcf7-textarea\" aria-invalid=\"false\" name=\"your-message\"><\/textarea><\/span>\n<\/p>\n<p><input class=\"wpcf7-form-control wpcf7-submit has-spinner\" type=\"submit\" value=\"Senden\" \/>\n<\/p>\n<p><span class=\"wpcf7-form-control-wrap\" data-name=\"checkbox-739\"><span class=\"wpcf7-form-control wpcf7-checkbox wpcf7-validates-as-required\"><span class=\"wpcf7-list-item first last\"><span class=\"wpcf7-list-item-label\">Ich stimme den Datenschutzbestimmungen zu.<\/span><input type=\"checkbox\" name=\"checkbox-739[]\" value=\"Ich stimme den Datenschutzbestimmungen zu.\" \/><\/span><\/span><\/span>\n<\/p><div class=\"wpcf7-response-output\" aria-hidden=\"true\"><\/div>\n<\/form>\n<\/div>\n\n","protected":false},"excerpt":{"rendered":"<p>Bitte melden Sie die Erkrankung Ihres Kindes am ersten Tag telefonisch der Schule \u00fcber folgende Telefonnummern: Schulhaus Stadt Konrad-Adenauer-Stra\u00dfe 9 (0 86 31) 36 37-30 Schulhaus Altm\u00fchldorf Wirtsgasse 10 (0 86 31) 83 47&#46;&#46;&#46;<\/p>\n","protected":false},"author":1,"featured_media":0,"parent":0,"menu_order":0,"comment_status":"closed","ping_status":"closed","template":"","meta":{"footnotes":""},"class_list":["post-130","page","type-page","status-publish","hentry"],"publishpress_future_action":{"enabled":false,"date":"2026-04-25 04:40:49","action":"change-status","newStatus":"draft","terms":[],"taxonomy":"","extraData":[]},"publishpress_future_workflow_manual_trigger":{"enabledWorkflows":[]},"_links":{"self":[{"href":"https:\/\/grundschule-muehldorf.de\/index.php?rest_route=\/wp\/v2\/pages\/130","targetHints":{"allow":["GET"]}}],"collection":[{"href":"https:\/\/grundschule-muehldorf.de\/index.php?rest_route=\/wp\/v2\/pages"}],"about":[{"href":"https:\/\/grundschule-muehldorf.de\/index.php?rest_route=\/wp\/v2\/types\/page"}],"author":[{"embeddable":true,"href":"https:\/\/grundschule-muehldorf.de\/index.php?rest_route=\/wp\/v2\/users\/1"}],"replies":[{"embeddable":true,"href":"https:\/\/grundschule-muehldorf.de\/index.php?rest_route=%2Fwp%2Fv2%2Fcomments&post=130"}],"version-history":[{"count":4,"href":"https:\/\/grundschule-muehldorf.de\/index.php?rest_route=\/wp\/v2\/pages\/130\/revisions"}],"predecessor-version":[{"id":4734,"href":"https:\/\/grundschule-muehldorf.de\/index.php?rest_route=\/wp\/v2\/pages\/130\/revisions\/4734"}],"wp:attachment":[{"href":"https:\/\/grundschule-muehldorf.de\/index.php?rest_route=%2Fwp%2Fv2%2Fmedia&parent=130"}],"curies":[{"name":"wp","href":"https:\/\/api.w.org\/{rel}","templated":true}]}}