{"id":274,"date":"2016-06-07T10:46:37","date_gmt":"2016-06-07T10:46:37","guid":{"rendered":"http:\/\/grundschule-muehldorf.de\/?page_id=274"},"modified":"2024-06-21T07:13:41","modified_gmt":"2024-06-21T05:13:41","slug":"downloads","status":"publish","type":"page","link":"http:\/\/grundschule-muehldorf.de\/?page_id=274","title":{"rendered":"Downloads"},"content":{"rendered":"\n<p><strong>Unser Schulvertrag<\/strong><\/p>\n\n\n\n<ul class=\"wp-block-list\">\n<li><a href=\"http:\/\/grundschule-muehldorf.de\/wp-content\/uploads\/2018\/11\/18-03-14-Schulvertrag.pdf\">Schulvertrag<\/a><\/li>\n<\/ul>\n\n\n\n<p><strong>Antrag auf Befreiung vom Unterricht<br><\/strong><em>Bitte nutzen Sie vorrangig den Antrag \u00fcber die Schulmanager-App!<\/em><strong><br><\/strong><\/p>\n\n\n\n<ul class=\"wp-block-list\">\n<li><a href=\"http:\/\/grundschule-muehldorf.de\/wp-content\/uploads\/2016\/06\/Antrag-auf-Befreiung-vom-Unterricht.pdf\">Antrag auf Befreiung vom Unterricht<\/a><\/li>\n<\/ul>\n\n\n\n<p><strong>Antrag auf Aufnahme in die Ganztagesklasse<\/strong><\/p>\n\n\n\n<ul class=\"wp-block-list\">\n<li><a href=\"http:\/\/grundschule-muehldorf.de\/wp-content\/uploads\/2023\/05\/Antrag-auf-Aufnahme-in-die-Ganztagesklasse.pdf\">Antrag auf Aufnahme in die Ganztagesklasse (Schuljahr 2023\/2024)<\/a><\/li>\n<\/ul>\n\n\n\n<p><strong>Kooperative Ganztagesbildung<\/strong><\/p>\n\n\n\n<ul class=\"wp-block-list\">\n<li><a href=\"http:\/\/grundschule-muehldorf.de\/wp-content\/uploads\/2022\/01\/Flyer-Kooperativer-Ganztag-zu-den-Anmeldungen-2022-2023.pdf\">Flyer Kooperativer Ganztag<\/a><\/li>\n\n\n\n<li><a href=\"http:\/\/grundschule-muehldorf.de\/wp-content\/uploads\/2022\/01\/Anmeldeformular-Kooperativer-Ganztag.pdf\">Anmeldeformular Kooperativer Ganztag Schuljahr 2022\/2023<\/a><\/li>\n<\/ul>\n\n\n\n<p><strong>Mittagessen<\/strong><\/p>\n\n\n\n<ul class=\"wp-block-list\">\n<li><a href=\"https:\/\/grundschule-muehldorf.de\/wp-content\/uploads\/2024\/06\/24-06-20-Anmeldung-GTK-Mittagessen-GS-Muehldorf-a.-Inn-Altmuehldorf.-2024-2025.pdf\">Anmeldung zum Mittagessen &#8211; 2024\/2025<\/a><\/li>\n<\/ul>\n\n\n\n<p><strong>Schulbusse<\/strong><\/p>\n\n\n\n<ul class=\"wp-block-list\">\n<li><a href=\"http:\/\/grundschule-muehldorf.de\/wp-content\/uploads\/2022\/07\/Busfahrplaene-2022-2023.pdf\">Busfahrpl\u00e4ne Schuljahr 2022-2023<\/a><\/li>\n<\/ul>\n\n\n\n<p><strong>Schwimmunterricht<\/strong><\/p>\n\n\n\n<ul class=\"wp-block-list\">\n<li><em>derzeit kein Plan vorhanden<\/em><\/li>\n<\/ul>\n\n\n\n<p><strong>Computernutzung<\/strong><\/p>\n\n\n\n<ul class=\"wp-block-list\">\n<li><a href=\"http:\/\/grundschule-muehldorf.de\/wp-content\/uploads\/2016\/06\/Nutzungsordnung-EDV.pdf\">Nutzungsordnung der EDV-Einrichtung und des Internets an der Grundschule M\u00fchldorf a.Inn-Altm\u00fchldorf f\u00fcr Sch\u00fclerinnen und Sch\u00fcler<\/a><\/li>\n\n\n\n<li><a href=\"http:\/\/grundschule-muehldorf.de\/wp-content\/uploads\/2020\/12\/Einverstaendniserklaerung-Schuelerinnen-Schueler.pdf\">Nutzung der Lernplattformen &#8222;Antolin&#8220;, &#8222;Zahlenzorro&#8220;, &#8222;Mebis&#8220; und &#8222;Anton App&#8220;<\/a><\/li>\n<\/ul>\n\n\n\n<p><strong>Einverst\u00e4ndnis Ver\u00f6ffentlichungen<\/strong><\/p>\n\n\n\n<ul class=\"wp-block-list\">\n<li><a href=\"http:\/\/grundschule-muehldorf.de\/wp-content\/uploads\/2018\/02\/Einwilligung-Ver\u00f6ffentlichung-Sch\u00fcler.pdf\">Einwilligung in die Ver\u00f6ffentlichung von personenbezogenen Daten (einschlie\u00dflich Fotos)<\/a><\/li>\n<\/ul>\n\n\n\n<p><strong>Elternbeirat<\/strong><\/p>\n\n\n\n<ul class=\"wp-block-list\">\n<li><a href=\"http:\/\/grundschule-muehldorf.de\/wp-content\/uploads\/2021\/09\/Wahlordnung-fuer-die-Wahl-des-Elternbeirates-2020.pdf\">Wahlordnung f\u00fcr die Wahl des Elternbeirates<\/a><\/li>\n<\/ul>\n\n\n\n<p><strong>F\u00f6rderverein<\/strong><\/p>\n\n\n\n<ul class=\"wp-block-list\">\n<li><a href=\"http:\/\/grundschule-muehldorf.de\/wp-content\/uploads\/2016\/04\/Scan.pdf\">Mitgliedsantrag des F\u00f6rdervereins<\/a><\/li>\n<\/ul>\n\n\n\n<p><strong>Gesundheitsschutz<\/strong><\/p>\n\n\n\n<ul class=\"wp-block-list\">\n<li><a href=\"http:\/\/grundschule-muehldorf.de\/wp-content\/uploads\/2020\/02\/GEMEINSAM-VOR-INFEKTIONEN-SCH\u00dcTZEN-2018.pdf1_.pdf\">Gesundheitsamt M\u00fchldorf: Belehrung Infektionsschutz<\/a><\/li>\n\n\n\n<li><a href=\"http:\/\/grundschule-muehldorf.de\/wp-content\/uploads\/2018\/05\/Informationen_ueber_Kopflaeuse_mit_Elternerklaerung1.pdf\">Informationen \u00fcber Kopfl\u00e4use mit Best\u00e4tigung der Eltern \u00fcber Behandlung<\/a><\/li>\n\n\n\n<li><a href=\"http:\/\/grundschule-muehldorf.de\/wp-content\/uploads\/2022\/03\/Ansprechpartner-bei-Anzeichen-von-Depressionen-bei-Jugendlichen-11-2019-hk.pdf\">Ansprechpartner bei Anzeichen von Depressionen bei Jugendlichen<\/a><\/li>\n<\/ul>\n\n\n\n<p><strong>Brosch\u00fcren<\/strong><\/p>\n\n\n\n<ul class=\"wp-block-list\">\n<li><a href=\"http:\/\/grundschule-muehldorf.de\/wp-content\/uploads\/2022\/03\/STMUK_Die_bayerische_Grundschule.pdf\">Die bayerische Grundschule<\/a><\/li>\n\n\n\n<li><a href=\"http:\/\/grundschule-muehldorf.de\/wp-content\/uploads\/2022\/03\/STMUK_Das_bayerische_Schulsystem_2022_Digitaler_Versand_Kopie.pdf\">Das bayerische Schulsystem<\/a><\/li>\n\n\n\n<li><a href=\"http:\/\/grundschule-muehldorf.de\/wp-content\/uploads\/2022\/10\/STMUK_Der_beste_Bildungsweg_2022.pdf\">Der beste Bildungsweg f\u00fcr mein Kind<\/a><\/li>\n<\/ul>\n\n\n\n<p><strong>Anmeldung zur Ferienbetreuung 2024<\/strong><\/p>\n\n\n\n<ul>\n<li><a href=\"http:\/\/grundschule-muehldorf.de\/wp-content\/uploads\/2023\/10\/Anmeldung-Ferienbetreuung-2024.pdf\">Anmeldung Ferienbetreuung 2024<\/a><\/li>\n<\/ul>\n","protected":false},"excerpt":{"rendered":"<p>Unser Schulvertrag Antrag auf Befreiung vom UnterrichtBitte nutzen Sie vorrangig den Antrag \u00fcber die Schulmanager-App! Antrag auf Aufnahme in die Ganztagesklasse Kooperative Ganztagesbildung Mittagessen Schulbusse Schwimmunterricht Computernutzung Einverst\u00e4ndnis Ver\u00f6ffentlichungen Elternbeirat F\u00f6rderverein Gesundheitsschutz Brosch\u00fcren Anmeldung&#46;&#46;&#46;<\/p>\n","protected":false},"author":1,"featured_media":0,"parent":0,"menu_order":0,"comment_status":"closed","ping_status":"closed","template":"","meta":{"footnotes":""},"class_list":["post-274","page","type-page","status-publish","hentry"],"publishpress_future_action":{"enabled":false,"date":"2026-04-19 17:07:06","action":"change-status","newStatus":"draft","terms":[],"taxonomy":"","extraData":[]},"publishpress_future_workflow_manual_trigger":{"enabledWorkflows":[]},"_links":{"self":[{"href":"http:\/\/grundschule-muehldorf.de\/index.php?rest_route=\/wp\/v2\/pages\/274","targetHints":{"allow":["GET"]}}],"collection":[{"href":"http:\/\/grundschule-muehldorf.de\/index.php?rest_route=\/wp\/v2\/pages"}],"about":[{"href":"http:\/\/grundschule-muehldorf.de\/index.php?rest_route=\/wp\/v2\/types\/page"}],"author":[{"embeddable":true,"href":"http:\/\/grundschule-muehldorf.de\/index.php?rest_route=\/wp\/v2\/users\/1"}],"replies":[{"embeddable":true,"href":"http:\/\/grundschule-muehldorf.de\/index.php?rest_route=%2Fwp%2Fv2%2Fcomments&post=274"}],"version-history":[{"count":87,"href":"http:\/\/grundschule-muehldorf.de\/index.php?rest_route=\/wp\/v2\/pages\/274\/revisions"}],"predecessor-version":[{"id":7397,"href":"http:\/\/grundschule-muehldorf.de\/index.php?rest_route=\/wp\/v2\/pages\/274\/revisions\/7397"}],"wp:attachment":[{"href":"http:\/\/grundschule-muehldorf.de\/index.php?rest_route=%2Fwp%2Fv2%2Fmedia&parent=274"}],"curies":[{"name":"wp","href":"https:\/\/api.w.org\/{rel}","templated":true}]}}